{"id":72,"date":"2024-07-17T11:08:17","date_gmt":"2024-07-17T09:08:17","guid":{"rendered":"https:\/\/hmck-ena.com\/?page_id=72"},"modified":"2026-04-22T15:11:25","modified_gmt":"2026-04-22T13:11:25","slug":"politica-de-galetes","status":"publish","type":"page","link":"https:\/\/hmck-ena.com\/cat\/politica-de-galetes\/","title":{"rendered":"Pol\u00edtica de galetes"},"content":{"rendered":"\t\t<div data-elementor-type=\"wp-page\" data-elementor-id=\"72\" class=\"elementor elementor-72\" data-elementor-post-type=\"page\">\n\t\t\t\t<div class=\"elementor-element elementor-element-18a2821 e-flex e-con-boxed e-con e-parent\" data-id=\"18a2821\" data-element_type=\"container\" data-e-type=\"container\">\n\t\t\t\t\t<div class=\"e-con-inner\">\n\t\t<div class=\"elementor-element elementor-element-be67688 e-con-full e-flex e-con e-child\" data-id=\"be67688\" data-element_type=\"container\" data-e-type=\"container\">\n\t\t\t\t<div class=\"elementor-element elementor-element-bde42a3 elementor-widget elementor-widget-text-editor\" data-id=\"bde42a3\" data-element_type=\"widget\" data-e-type=\"widget\" data-widget_type=\"text-editor.default\">\n\t\t\t\t<div class=\"elementor-widget-container\">\n\t\t\t\t\t\t\t\t\t<p><strong><u>POL\u00cdTICA DE COOKIES<\/u><\/strong><u><br \/>hmck-ena.com<\/u><\/p>\n<p><u>L\u2019acc\u00e9s a aquest Lloc Web pot implicar l\u2019\u00fas de cookies. Les cookies s\u00f3n petites quantitats d\u2019informaci\u00f3 que s\u2019emmagatzemen al navegador utilitzat per cada Usuari \u2014en els diferents dispositius que pugui fer servir per navegar\u2014 perqu\u00e8 el servidor recordi determinada informaci\u00f3 que posteriorment nom\u00e9s ser\u00e0 llegida pel servidor que la va implementar. Les cookies faciliten la navegaci\u00f3, la fan m\u00e9s amigable i no danyen el dispositiu de navegaci\u00f3.<\/u><\/p>\n<p><u>Les cookies s\u00f3n procediments autom\u00e0tics de recollida d\u2019informaci\u00f3 relativa a les prefer\u00e8ncies determinades per l\u2019Usuari durant la seva visita al Lloc Web amb la finalitat de recon\u00e8ixer-lo com a Usuari i personalitzar la seva experi\u00e8ncia i \u00fas del Lloc Web. Tamb\u00e9 poden, per exemple, ajudar a identificar i resoldre errors.<\/u><\/p>\n<p><u>La informaci\u00f3 recollida mitjan\u00e7ant les cookies pot incloure la data i hora de les visites al Lloc Web, les p\u00e0gines visualitzades, el temps de perman\u00e8ncia al Lloc Web i els llocs visitats just abans i despr\u00e9s. No obstant aix\u00f2, cap cookie permet contactar amb el n\u00famero de tel\u00e8fon de l\u2019Usuari ni amb cap altre mitj\u00e0 de contacte personal. Cap cookie pot extreure informaci\u00f3 del disc dur de l\u2019Usuari ni robar informaci\u00f3 personal. L\u2019\u00fanica manera que la informaci\u00f3 privada de l\u2019Usuari formi part de l\u2019arxiu Cookie \u00e9s que l\u2019Usuari la proporcioni personalment al servidor.<\/u><\/p>\n<p><u>Les cookies que permeten identificar una persona es consideren dades personals. Per tant, els ser\u00e0 aplicable la Pol\u00edtica de Privacitat descrita anteriorment. En aquest sentit, per a la seva utilitzaci\u00f3 ser\u00e0 necessari el consentiment de l\u2019Usuari. Aquest consentiment es comunicar\u00e0 basant-se en una elecci\u00f3 real, mitjan\u00e7ant una decisi\u00f3 afirmativa i positiva, abans del tractament inicial, i ser\u00e0 revocable i documentat.<\/u><\/p>\n<p><strong><u>Cookies pr\u00f2pies<\/u><\/strong><\/p>\n<p><u>S\u00f3n aquelles cookies que s\u2019envien a l\u2019ordinador o dispositiu de l\u2019Usuari i s\u00f3n gestionades exclusivament per [avgest_registered_company] per al millor funcionament del Lloc Web. La informaci\u00f3 recollida s\u2019utilitza per millorar la qualitat del Lloc Web i dels seus Continguts, aix\u00ed com la seva experi\u00e8ncia com a Usuari. Aquestes cookies permeten recon\u00e8ixer l\u2019Usuari com a visitant recurrent del Lloc Web i adaptar el contingut per oferir-li informaci\u00f3 que s\u2019ajusti a les seves prefer\u00e8ncies.<\/u><\/p>\n<p><strong><u>Cookies de tercers<\/u><\/strong><\/p>\n<p><u>S\u00f3n cookies utilitzades i gestionades per entitats externes que proporcionen a [avgest_registered_company] serveis sol\u00b7licitats per aquesta per millorar el Lloc Web i l\u2019experi\u00e8ncia de l\u2019Usuari durant la navegaci\u00f3. Les principals finalitats per a les quals s\u2019utilitzen cookies de tercers s\u00f3n l\u2019obtenci\u00f3 d\u2019estad\u00edstiques d\u2019acc\u00e9s i l\u2019an\u00e0lisi de la informaci\u00f3 de navegaci\u00f3, \u00e9s a dir, com interactua l\u2019Usuari amb el Lloc Web.<\/u><\/p>\n<p><u>La informaci\u00f3 obtinguda es refereix, per exemple, al nombre de p\u00e0gines visitades, l\u2019idioma, la ubicaci\u00f3 associada a l\u2019adre\u00e7a IP des de la qual accedeix l\u2019Usuari, el nombre d\u2019Usuaris que hi accedeixen, la freq\u00fc\u00e8ncia i recurr\u00e8ncia de les visites, el temps de visita, el navegador utilitzat, l\u2019operador o el tipus de dispositiu des del qual es realitza la visita. Aquesta informaci\u00f3 s\u2019utilitza per millorar el Lloc Web i detectar noves necessitats per tal d\u2019oferir als Usuaris continguts i\/o serveis d\u2019\u00f2ptima qualitat. En qualsevol cas, la informaci\u00f3 es recull de manera an\u00f2nima i s\u2019elaboren informes de tend\u00e8ncies del Lloc Web sense identificar usuaris individuals.<\/u><\/p>\n<p><u>Podeu obtenir m\u00e9s informaci\u00f3 sobre les cookies, informaci\u00f3 sobre la privacitat o consultar la descripci\u00f3 del tipus de cookies utilitzades, les seves principals caracter\u00edstiques, per\u00edode de caducitat, etc., als seg\u00fcents enlla\u00e7os:<\/u><\/p>\n<ul>\n<li><a href=\"https:\/\/analytics.google.com\/\">https:\/\/analytics.google.com\/<\/a><\/li>\n<li><a href=\"https:\/\/es-es.facebook.com\/business\/tools\/meta-pixel\">https:\/\/es-es.facebook.com\/business\/tools\/meta-pixel<\/a><\/li>\n<\/ul>\n<p><u>L\u2019entitat o entitats encarregades de proporcionar cookies poden cedir aquesta informaci\u00f3 a tercers, sempre que ho exigeixi la llei o que un tercer tracti aquesta informaci\u00f3 per compte d\u2019aquestes entitats.<\/u><\/p>\n<p><strong><u>Cookies de xarxes socials<\/u><\/strong><\/p>\n<p><u>HM CONSULTING SL  incorpora connectors de xarxes socials, que permeten accedir-hi des del Lloc Web. Per aquest motiu, es poden emmagatzemar cookies de xarxes socials al navegador de l\u2019Usuari. Els titulars d\u2019aquestes xarxes socials disposen de les seves pr\u00f2pies pol\u00edtiques de protecci\u00f3 de dades i de cookies, i s\u00f3n responsables dels seus propis fitxers i pr\u00e0ctiques de privacitat en cada cas. L\u2019Usuari ha de consultar aquestes pol\u00edtiques per informar-se sobre aquestes cookies i, si escau, sobre el tractament de les seves dades personals. A efectes merament informatius, s\u2019indiquen a continuaci\u00f3 els enlla\u00e7os on es poden consultar aquestes pol\u00edtiques:<\/u><\/p>\n<ul>\n<li><u>Facebook: <\/u><a href=\"https:\/\/www.facebook.com\/policies\/cookies\/\">https:\/\/www.facebook.com\/policies\/cookies\/<\/a><\/li>\n<li><u>Twitter: <\/u><a href=\"https:\/\/twitter.com\/es\/privacy\">https:\/\/twitter.com\/es\/privacy<\/a><\/li>\n<li><u>Instagram: <\/u><a href=\"https:\/\/help.instagram.com\/1896641480634370?ref=ig\">https:\/\/help.instagram.com\/1896641480634370?ref=ig<\/a><\/li>\n<li><u>YouTube: <\/u><a href=\"https:\/\/policies.google.com\/privacy?hl=es-419&amp;gl=mx\">https:\/\/policies.google.com\/privacy?hl=es-419&amp;gl=mx<\/a><\/li>\n<li><u>Pinterest: <\/u><a href=\"https:\/\/policy.pinterest.com\/es\/privacy-policy\">https:\/\/policy.pinterest.com\/es\/privacy-policy<\/a><\/li>\n<li><u>LinkedIn: <\/u><a href=\"https:\/\/www.linkedin.com\/legal\/cookie-policy?trk=hp-cookies\">https:\/\/www.linkedin.com\/legal\/cookie-policy?trk=hp-cookies<\/a><\/li>\n<\/ul>\n<p><strong><u>Desactivar, rebutjar i eliminar cookies<\/u><\/strong><\/p>\n<p><u>L\u2019Usuari pot desactivar, rebutjar i eliminar les cookies \u2014totalment o parcialment\u2014 instal\u00b7lades al seu dispositiu mitjan\u00e7ant la configuraci\u00f3 del seu navegador (com ara Chrome, Firefox, Safari, Explorer, entre d\u2019altres). En aquest sentit, els procediments per rebutjar i eliminar cookies poden variar d\u2019un navegador a un altre. En conseq\u00fc\u00e8ncia, l\u2019Usuari ha d\u2019acudir a les instruccions facilitades pel navegador d\u2019Internet que estigui utilitzant. En cas que rebutgi l\u2019\u00fas de cookies \u2014totalment o parcialment\u2014 podr\u00e0 continuar utilitzant el Lloc Web, tot i que l\u2019\u00fas d\u2019algunes de les seves funcionalitats pot quedar limitat.<\/u><\/p>\n<p><u>Aquest document de Pol\u00edtica de Cookies va ser creat mitjan\u00e7ant un generador en l\u00ednia gratu\u00eft el 17\/07\/2024.<\/u><\/p>\n<p><u>\u00a0<\/u><\/p>\t\t\t\t\t\t\t\t<\/div>\n\t\t\t\t<\/div>\n\t\t\t\t<\/div>\n\t\t\t\t\t<\/div>\n\t\t\t\t<\/div>\n\t\t\t\t<\/div>\n\t\t","protected":false},"excerpt":{"rendered":"<p>POL\u00cdTICA DE COOKIES L\u2019acc\u00e9s a aquest Lloc Web pot implicar l\u2019\u00fas de cookies. Les cookies s\u00f3n petites quantitats d\u2019informaci\u00f3 que s\u2019emmagatzemen al navegador utilitzat per cada Usuari \u2014en els diferents dispositius que pugui fer servir per navegar\u2014 perqu\u00e8 el servidor recordi determinada informaci\u00f3 que posteriorment nom\u00e9s ser\u00e0 llegida pel servidor que la va implementar. Les [&hellip;]<\/p>\n","protected":false},"author":1,"featured_media":0,"parent":0,"menu_order":0,"comment_status":"closed","ping_status":"closed","template":"elementor_header_footer","meta":{"editor_notices":[],"footnotes":""},"class_list":["post-72","page","type-page","status-publish","hentry"],"yoast_head":"<!-- This site is optimized with the Yoast SEO plugin v27.4 - https:\/\/yoast.com\/product\/yoast-seo-wordpress\/ -->\n<title>Pol\u00edtica de galetes - HMC K-ena<\/title>\n<meta name=\"robots\" content=\"noindex, nofollow\" \/>\n<meta property=\"og:locale\" content=\"es_ES\" \/>\n<meta property=\"og:type\" content=\"article\" \/>\n<meta property=\"og:title\" content=\"Pol\u00edtica de galetes - HMC K-ena\" \/>\n<meta property=\"og:description\" content=\"POL\u00cdTICA DE COOKIES L\u2019acc\u00e9s a aquest Lloc Web pot implicar l\u2019\u00fas de cookies. Les cookies s\u00f3n petites quantitats d\u2019informaci\u00f3 que s\u2019emmagatzemen al navegador utilitzat per cada Usuari \u2014en els diferents dispositius que pugui fer servir per navegar\u2014 perqu\u00e8 el servidor recordi determinada informaci\u00f3 que posteriorment nom\u00e9s ser\u00e0 llegida pel servidor que la va implementar. Les [&hellip;]\" \/>\n<meta property=\"og:url\" content=\"https:\/\/hmck-ena.com\/cat\/politica-de-galetes\/\" \/>\n<meta property=\"og:site_name\" content=\"HMC K-ena\" \/>\n<meta property=\"article:modified_time\" content=\"2026-04-22T13:11:25+00:00\" \/>\n<meta name=\"twitter:card\" content=\"summary_large_image\" \/>\n<meta name=\"twitter:label1\" content=\"Tiempo de lectura\" \/>\n\t<meta name=\"twitter:data1\" content=\"5 minutos\" \/>\n<script type=\"application\/ld+json\" class=\"yoast-schema-graph\">{\"@context\":\"https:\\\/\\\/schema.org\",\"@graph\":[{\"@type\":\"WebPage\",\"@id\":\"https:\\\/\\\/hmck-ena.com\\\/cat\\\/politica-de-galetes\\\/\",\"url\":\"https:\\\/\\\/hmck-ena.com\\\/cat\\\/politica-de-galetes\\\/\",\"name\":\"Pol\u00edtica de galetes - HMC K-ena\",\"isPartOf\":{\"@id\":\"https:\\\/\\\/hmck-ena.com\\\/cat\\\/#website\"},\"datePublished\":\"2024-07-17T09:08:17+00:00\",\"dateModified\":\"2026-04-22T13:11:25+00:00\",\"breadcrumb\":{\"@id\":\"https:\\\/\\\/hmck-ena.com\\\/cat\\\/politica-de-galetes\\\/#breadcrumb\"},\"inLanguage\":\"es\",\"potentialAction\":[{\"@type\":\"ReadAction\",\"target\":[\"https:\\\/\\\/hmck-ena.com\\\/cat\\\/politica-de-galetes\\\/\"]}]},{\"@type\":\"BreadcrumbList\",\"@id\":\"https:\\\/\\\/hmck-ena.com\\\/cat\\\/politica-de-galetes\\\/#breadcrumb\",\"itemListElement\":[{\"@type\":\"ListItem\",\"position\":1,\"name\":\"Portada\",\"item\":\"https:\\\/\\\/hmck-ena.com\\\/cat\\\/\"},{\"@type\":\"ListItem\",\"position\":2,\"name\":\"Pol\u00edtica de galetes\"}]},{\"@type\":\"WebSite\",\"@id\":\"https:\\\/\\\/hmck-ena.com\\\/cat\\\/#website\",\"url\":\"https:\\\/\\\/hmck-ena.com\\\/cat\\\/\",\"name\":\"HMC K-ena\",\"description\":\"Hotel a Andorra la Vella\",\"publisher\":{\"@id\":\"https:\\\/\\\/hmck-ena.com\\\/cat\\\/#organization\"},\"potentialAction\":[{\"@type\":\"SearchAction\",\"target\":{\"@type\":\"EntryPoint\",\"urlTemplate\":\"https:\\\/\\\/hmck-ena.com\\\/cat\\\/?s={search_term_string}\"},\"query-input\":{\"@type\":\"PropertyValueSpecification\",\"valueRequired\":true,\"valueName\":\"search_term_string\"}}],\"inLanguage\":\"es\"},{\"@type\":\"Organization\",\"@id\":\"https:\\\/\\\/hmck-ena.com\\\/cat\\\/#organization\",\"name\":\"HMC K-ena\",\"url\":\"https:\\\/\\\/hmck-ena.com\\\/cat\\\/\",\"logo\":{\"@type\":\"ImageObject\",\"inLanguage\":\"es\",\"@id\":\"https:\\\/\\\/hmck-ena.com\\\/cat\\\/#\\\/schema\\\/logo\\\/image\\\/\",\"url\":\"https:\\\/\\\/hmck-ena.com\\\/cat\\\/wp-content\\\/uploads\\\/sites\\\/4\\\/HMCK-ENA-logo-con-imagotipo.webp\",\"contentUrl\":\"https:\\\/\\\/hmck-ena.com\\\/cat\\\/wp-content\\\/uploads\\\/sites\\\/4\\\/HMCK-ENA-logo-con-imagotipo.webp\",\"width\":350,\"height\":200,\"caption\":\"HMC K-ena\"},\"image\":{\"@id\":\"https:\\\/\\\/hmck-ena.com\\\/cat\\\/#\\\/schema\\\/logo\\\/image\\\/\"}}]}<\/script>\n<!-- \/ Yoast SEO plugin. -->","yoast_head_json":{"title":"Pol\u00edtica de galetes - HMC K-ena","robots":{"index":"noindex","follow":"nofollow"},"og_locale":"es_ES","og_type":"article","og_title":"Pol\u00edtica de galetes - HMC K-ena","og_description":"POL\u00cdTICA DE COOKIES L\u2019acc\u00e9s a aquest Lloc Web pot implicar l\u2019\u00fas de cookies. Les cookies s\u00f3n petites quantitats d\u2019informaci\u00f3 que s\u2019emmagatzemen al navegador utilitzat per cada Usuari \u2014en els diferents dispositius que pugui fer servir per navegar\u2014 perqu\u00e8 el servidor recordi determinada informaci\u00f3 que posteriorment nom\u00e9s ser\u00e0 llegida pel servidor que la va implementar. Les [&hellip;]","og_url":"https:\/\/hmck-ena.com\/cat\/politica-de-galetes\/","og_site_name":"HMC K-ena","article_modified_time":"2026-04-22T13:11:25+00:00","twitter_card":"summary_large_image","twitter_misc":{"Tiempo de lectura":"5 minutos"},"schema":{"@context":"https:\/\/schema.org","@graph":[{"@type":"WebPage","@id":"https:\/\/hmck-ena.com\/cat\/politica-de-galetes\/","url":"https:\/\/hmck-ena.com\/cat\/politica-de-galetes\/","name":"Pol\u00edtica de galetes - HMC K-ena","isPartOf":{"@id":"https:\/\/hmck-ena.com\/cat\/#website"},"datePublished":"2024-07-17T09:08:17+00:00","dateModified":"2026-04-22T13:11:25+00:00","breadcrumb":{"@id":"https:\/\/hmck-ena.com\/cat\/politica-de-galetes\/#breadcrumb"},"inLanguage":"es","potentialAction":[{"@type":"ReadAction","target":["https:\/\/hmck-ena.com\/cat\/politica-de-galetes\/"]}]},{"@type":"BreadcrumbList","@id":"https:\/\/hmck-ena.com\/cat\/politica-de-galetes\/#breadcrumb","itemListElement":[{"@type":"ListItem","position":1,"name":"Portada","item":"https:\/\/hmck-ena.com\/cat\/"},{"@type":"ListItem","position":2,"name":"Pol\u00edtica de galetes"}]},{"@type":"WebSite","@id":"https:\/\/hmck-ena.com\/cat\/#website","url":"https:\/\/hmck-ena.com\/cat\/","name":"HMC K-ena","description":"Hotel a Andorra la Vella","publisher":{"@id":"https:\/\/hmck-ena.com\/cat\/#organization"},"potentialAction":[{"@type":"SearchAction","target":{"@type":"EntryPoint","urlTemplate":"https:\/\/hmck-ena.com\/cat\/?s={search_term_string}"},"query-input":{"@type":"PropertyValueSpecification","valueRequired":true,"valueName":"search_term_string"}}],"inLanguage":"es"},{"@type":"Organization","@id":"https:\/\/hmck-ena.com\/cat\/#organization","name":"HMC K-ena","url":"https:\/\/hmck-ena.com\/cat\/","logo":{"@type":"ImageObject","inLanguage":"es","@id":"https:\/\/hmck-ena.com\/cat\/#\/schema\/logo\/image\/","url":"https:\/\/hmck-ena.com\/cat\/wp-content\/uploads\/sites\/4\/HMCK-ENA-logo-con-imagotipo.webp","contentUrl":"https:\/\/hmck-ena.com\/cat\/wp-content\/uploads\/sites\/4\/HMCK-ENA-logo-con-imagotipo.webp","width":350,"height":200,"caption":"HMC K-ena"},"image":{"@id":"https:\/\/hmck-ena.com\/cat\/#\/schema\/logo\/image\/"}}]}},"_links":{"self":[{"href":"https:\/\/hmck-ena.com\/cat\/wp-json\/wp\/v2\/pages\/72","targetHints":{"allow":["GET"]}}],"collection":[{"href":"https:\/\/hmck-ena.com\/cat\/wp-json\/wp\/v2\/pages"}],"about":[{"href":"https:\/\/hmck-ena.com\/cat\/wp-json\/wp\/v2\/types\/page"}],"author":[{"embeddable":true,"href":"https:\/\/hmck-ena.com\/cat\/wp-json\/wp\/v2\/users\/1"}],"replies":[{"embeddable":true,"href":"https:\/\/hmck-ena.com\/cat\/wp-json\/wp\/v2\/comments?post=72"}],"version-history":[{"count":5,"href":"https:\/\/hmck-ena.com\/cat\/wp-json\/wp\/v2\/pages\/72\/revisions"}],"predecessor-version":[{"id":1432,"href":"https:\/\/hmck-ena.com\/cat\/wp-json\/wp\/v2\/pages\/72\/revisions\/1432"}],"wp:attachment":[{"href":"https:\/\/hmck-ena.com\/cat\/wp-json\/wp\/v2\/media?parent=72"}],"curies":[{"name":"wp","href":"https:\/\/api.w.org\/{rel}","templated":true}]}}